{"id":1152,"date":"2023-01-16T17:38:04","date_gmt":"2023-01-16T16:38:04","guid":{"rendered":"https:\/\/concept-345.fr\/?page_id=1152"},"modified":"2026-03-13T10:45:23","modified_gmt":"2026-03-13T09:45:23","slug":"formation","status":"publish","type":"page","link":"https:\/\/concept-345.fr\/index.php\/formation\/","title":{"rendered":"FORMATION"},"content":{"rendered":"<p><a href=\"https:\/\/concept-345.fr\/wp-content\/uploads\/2026\/03\/Catalogue-formation-Ceica-2026.pdf\">Catalogue des formations 2026<\/a><\/p>\n<p><a href=\"https:\/\/concept-345.fr\/wp-content\/uploads\/2023\/03\/Reglement-interieur-Ceica.pdf\">R\u00e8glement int\u00e9rieur formations<\/a><\/p>\n<p><a href=\"https:\/\/concept-345.fr\/wp-content\/uploads\/2026\/01\/25FOR02114.1-Certificat-de-conformite.pdf\">Certificat de conformit\u00e9 QUALIOPI<\/a><\/p>\n","protected":false},"excerpt":{"rendered":"<p>Catalogue des formations 2026 R\u00e8glement int\u00e9rieur formations Certificat de conformit\u00e9 QUALIOPI<\/p>\n","protected":false},"author":1,"featured_media":0,"parent":0,"menu_order":0,"comment_status":"closed","ping_status":"closed","template":"","meta":{"_mi_skip_tracking":false},"simple-restrict-permission":[],"yoast_head":"<!-- This site is optimized with the Yoast SEO plugin v19.14 - https:\/\/yoast.com\/wordpress\/plugins\/seo\/ -->\n<title>FORMATION - CONCEPT345<\/title>\n<meta name=\"robots\" content=\"index, follow, max-snippet:-1, max-image-preview:large, max-video-preview:-1\" \/>\n<link rel=\"canonical\" href=\"https:\/\/concept-345.fr\/index.php\/formation\/\" \/>\n<meta property=\"og:locale\" content=\"fr_FR\" \/>\n<meta property=\"og:type\" content=\"article\" \/>\n<meta property=\"og:title\" content=\"FORMATION - CONCEPT345\" \/>\n<meta property=\"og:description\" content=\"Catalogue des formations 2026 R\u00e8glement int\u00e9rieur formations Certificat de conformit\u00e9 QUALIOPI\" \/>\n<meta property=\"og:url\" content=\"https:\/\/concept-345.fr\/index.php\/formation\/\" \/>\n<meta property=\"og:site_name\" content=\"CONCEPT345\" \/>\n<meta property=\"article:modified_time\" content=\"2026-03-13T09:45:23+00:00\" \/>\n<meta name=\"twitter:card\" content=\"summary_large_image\" \/>\n<meta name=\"twitter:label1\" content=\"Dur\u00e9e de lecture estim\u00e9e\" \/>\n\t<meta name=\"twitter:data1\" content=\"1 minute\" \/>\n<script type=\"application\/ld+json\" class=\"yoast-schema-graph\">{\"@context\":\"https:\/\/schema.org\",\"@graph\":[{\"@type\":\"WebPage\",\"@id\":\"https:\/\/concept-345.fr\/index.php\/formation\/\",\"url\":\"https:\/\/concept-345.fr\/index.php\/formation\/\",\"name\":\"FORMATION - CONCEPT345\",\"isPartOf\":{\"@id\":\"https:\/\/concept-345.fr\/#website\"},\"datePublished\":\"2023-01-16T16:38:04+00:00\",\"dateModified\":\"2026-03-13T09:45:23+00:00\",\"breadcrumb\":{\"@id\":\"https:\/\/concept-345.fr\/index.php\/formation\/#breadcrumb\"},\"inLanguage\":\"fr-FR\",\"potentialAction\":[{\"@type\":\"ReadAction\",\"target\":[\"https:\/\/concept-345.fr\/index.php\/formation\/\"]}]},{\"@type\":\"BreadcrumbList\",\"@id\":\"https:\/\/concept-345.fr\/index.php\/formation\/#breadcrumb\",\"itemListElement\":[{\"@type\":\"ListItem\",\"position\":1,\"name\":\"Accueil\",\"item\":\"https:\/\/concept-345.fr\/\"},{\"@type\":\"ListItem\",\"position\":2,\"name\":\"FORMATION\"}]},{\"@type\":\"WebSite\",\"@id\":\"https:\/\/concept-345.fr\/#website\",\"url\":\"https:\/\/concept-345.fr\/\",\"name\":\"CONCEPT345\",\"description\":\"FABRICANT FRAN\u00c7AIS DE CENTRE D&#039;USINAGE DE CHARPENTE BOIS\",\"potentialAction\":[{\"@type\":\"SearchAction\",\"target\":{\"@type\":\"EntryPoint\",\"urlTemplate\":\"https:\/\/concept-345.fr\/?s={search_term_string}\"},\"query-input\":\"required name=search_term_string\"}],\"inLanguage\":\"fr-FR\"}]}<\/script>\n<!-- \/ Yoast SEO plugin. -->","yoast_head_json":{"title":"FORMATION - CONCEPT345","robots":{"index":"index","follow":"follow","max-snippet":"max-snippet:-1","max-image-preview":"max-image-preview:large","max-video-preview":"max-video-preview:-1"},"canonical":"https:\/\/concept-345.fr\/index.php\/formation\/","og_locale":"fr_FR","og_type":"article","og_title":"FORMATION - CONCEPT345","og_description":"Catalogue des formations 2026 R\u00e8glement int\u00e9rieur formations Certificat de conformit\u00e9 QUALIOPI","og_url":"https:\/\/concept-345.fr\/index.php\/formation\/","og_site_name":"CONCEPT345","article_modified_time":"2026-03-13T09:45:23+00:00","twitter_card":"summary_large_image","twitter_misc":{"Dur\u00e9e de lecture estim\u00e9e":"1 minute"},"schema":{"@context":"https:\/\/schema.org","@graph":[{"@type":"WebPage","@id":"https:\/\/concept-345.fr\/index.php\/formation\/","url":"https:\/\/concept-345.fr\/index.php\/formation\/","name":"FORMATION - CONCEPT345","isPartOf":{"@id":"https:\/\/concept-345.fr\/#website"},"datePublished":"2023-01-16T16:38:04+00:00","dateModified":"2026-03-13T09:45:23+00:00","breadcrumb":{"@id":"https:\/\/concept-345.fr\/index.php\/formation\/#breadcrumb"},"inLanguage":"fr-FR","potentialAction":[{"@type":"ReadAction","target":["https:\/\/concept-345.fr\/index.php\/formation\/"]}]},{"@type":"BreadcrumbList","@id":"https:\/\/concept-345.fr\/index.php\/formation\/#breadcrumb","itemListElement":[{"@type":"ListItem","position":1,"name":"Accueil","item":"https:\/\/concept-345.fr\/"},{"@type":"ListItem","position":2,"name":"FORMATION"}]},{"@type":"WebSite","@id":"https:\/\/concept-345.fr\/#website","url":"https:\/\/concept-345.fr\/","name":"CONCEPT345","description":"FABRICANT FRAN\u00c7AIS DE CENTRE D&#039;USINAGE DE CHARPENTE BOIS","potentialAction":[{"@type":"SearchAction","target":{"@type":"EntryPoint","urlTemplate":"https:\/\/concept-345.fr\/?s={search_term_string}"},"query-input":"required name=search_term_string"}],"inLanguage":"fr-FR"}]}},"_links":{"self":[{"href":"https:\/\/concept-345.fr\/index.php\/wp-json\/wp\/v2\/pages\/1152"}],"collection":[{"href":"https:\/\/concept-345.fr\/index.php\/wp-json\/wp\/v2\/pages"}],"about":[{"href":"https:\/\/concept-345.fr\/index.php\/wp-json\/wp\/v2\/types\/page"}],"author":[{"embeddable":true,"href":"https:\/\/concept-345.fr\/index.php\/wp-json\/wp\/v2\/users\/1"}],"replies":[{"embeddable":true,"href":"https:\/\/concept-345.fr\/index.php\/wp-json\/wp\/v2\/comments?post=1152"}],"version-history":[{"count":12,"href":"https:\/\/concept-345.fr\/index.php\/wp-json\/wp\/v2\/pages\/1152\/revisions"}],"predecessor-version":[{"id":1336,"href":"https:\/\/concept-345.fr\/index.php\/wp-json\/wp\/v2\/pages\/1152\/revisions\/1336"}],"wp:attachment":[{"href":"https:\/\/concept-345.fr\/index.php\/wp-json\/wp\/v2\/media?parent=1152"}],"wp:term":[{"taxonomy":"simple-restrict-permission","embeddable":true,"href":"https:\/\/concept-345.fr\/index.php\/wp-json\/wp\/v2\/simple-restrict-permission?post=1152"}],"curies":[{"name":"wp","href":"https:\/\/api.w.org\/{rel}","templated":true}]}}