{"id":1155,"date":"2023-01-18T12:07:38","date_gmt":"2023-01-18T11:07:38","guid":{"rendered":"https:\/\/concept-345.fr\/?page_id=1155"},"modified":"2023-02-07T16:33:53","modified_gmt":"2023-02-07T15:33:53","slug":"mentions-legales","status":"publish","type":"page","link":"https:\/\/concept-345.fr\/index.php\/mentions-legales\/","title":{"rendered":"Mentions l\u00e9gales"},"content":{"rendered":"\n<p class=\"has-text-align-center has-black-color has-white-background-color has-text-color has-background\">Mentions l\u00e9gales du site internet<br>CONCEPT-345.fr<br>Editeur du site de la soci\u00e9t\u00e9 CEICA<\/p>\n\n\n\n<p class=\"has-text-align-center has-black-color has-white-background-color has-text-color has-background\">Si\u00e8ge social<br>SARL CEICA<br>Siret 44373401700017<\/p>\n\n\n\n<p class=\"has-text-align-center has-black-color has-white-background-color has-text-color has-background\">ZI GENEVE OCEAN<br>71520 DOMPIERRE LES ORMES<br>T\u00e9l. +33(0)3 85 50 94 36<\/p>\n\n\n\n<p class=\"has-text-align-center has-black-color has-white-background-color has-text-color has-background\">Directeur de publication<br>Frank Charnay, G\u00e9rant<br>Responsable du site<br>Julien charnay<\/p>\n\n\n\n<p class=\"has-text-align-center has-black-color has-white-background-color has-text-color has-background\">R\u00e9alisation technique<br>digiclic<br>106 rue pasteur<br>69007 Lyon<\/p>\n\n\n\n<p class=\"has-text-align-center has-black-color has-white-background-color has-text-color has-background\"><strong>H\u00e9bergement<\/strong><br>Ce site est h\u00e9berg\u00e9 par soci\u00e9t\u00e9 OVH SAS au capital de 10 174 560 \u20ac<br>RCS Lille M\u00e9tropole 424 761 419 00045<br>Code APE 2620Z<br>N\u00b0 TVA : FR 22 424 761 419 <br>Si\u00e8ge social : 2 rue Kellermann &#8211; 59100 Roubaix &#8211; France<\/p>\n\n\n\n<p class=\"has-text-align-center has-black-color has-white-background-color has-text-color has-background\"><strong>Droits d\u2019auteur<\/strong><\/p>\n\n\n\n<p class=\"has-text-align-center has-black-color has-white-background-color has-text-color has-background\">L\u2019ensemble de ce site rel\u00e8ve de la l\u00e9gislation fran\u00e7aise et internationale sur le droit d\u2019auteur et la propri\u00e9t\u00e9 intellectuelle. Tous les droits de reproduction sont r\u00e9serv\u00e9s, y compris pour les documents t\u00e9l\u00e9chargeables et les repr\u00e9sentations iconographiques et photographiques.<br>Les photographies, textes, logos, pictogrammes ainsi que toutes oeuvres intellectuelles de ce site sont la propri\u00e9t\u00e9 de CEICA ou de tiers ayant autoris\u00e9 CEICA \u00e0 les utiliser.<br>Les reproductions de tout ou partie de ce site sur un support papier ou \u00e9lectronique ne sont autoris\u00e9es que pour un usage personnel et priv\u00e9 conforme aux dispositions du code de la Propri\u00e9t\u00e9 Intellectuelle. Ces reproductions devront mentionner de fa\u00e7on claire et lisible la source et l\u2019auteur du site. En aucun cas, ces reproductions ne sauraient porter pr\u00e9judice aux auteurs.<br><\/p>\n\n\n\n<p class=\"has-text-align-center has-black-color has-white-background-color has-text-color has-background\"><strong>Cr\u00e9dit photographique<\/strong><\/p>\n\n\n\n<p class=\"has-text-align-center has-black-color has-white-background-color has-text-color has-background\">CEICA Toutes autres utilisations sont soumises \u00e0 l\u2019autorisation expresse du directeur de la publication.<\/p>\n\n\n\n<p class=\"has-text-align-center has-black-color has-white-background-color has-text-color has-background\"><strong>Etablissement de liens<\/strong><\/p>\n\n\n\n<p class=\"has-text-align-center has-black-color has-white-background-color has-text-color has-background\">CEICA autorise la mise en place d\u2019un lien hypertexte pour tous les sites \u00e0 l\u2019exclusion de ceux diffusant des informations \u00e0 caract\u00e8re pol\u00e9mique, pornographique, x\u00e9nophobe ou pouvant porter atteinte \u00e0 la sensibilit\u00e9 du plus grand nombre. Sauf autorisation sp\u00e9cifique, le lien \u00e9tabli doit appara\u00eetre dans une nouvelle fen\u00eatre et les pages du site https:\/\/concept-345.fr\/ ne doivent en aucun cas \u00eatre int\u00e9gr\u00e9es \u00e0 l\u2019int\u00e9rieur des pages d\u2019un autre site.<\/p>\n\n\n\n<p class=\"has-text-align-center has-black-color has-white-background-color has-text-color has-background\"><strong>Liens vers des sites tiers<\/strong><\/p>\n\n\n\n<p class=\"has-text-align-center has-black-color has-white-background-color has-text-color has-background\">CEICA se r\u00e9serve le droit de pointer vers des sites tiers. Les sites cibles ne sont pas sous la responsabilit\u00e9 de CEICA. Par cons\u00e9quent, CEICA n\u2019est pas responsable du contenu de ces sites, des liens qu\u2019ils contiennent, ni des changements ou mises \u00e0 jour qui leur sont apport\u00e9s.<\/p>\n","protected":false},"excerpt":{"rendered":"<p>Mentions l\u00e9gales du site internetCONCEPT-345.frEditeur du site de la soci\u00e9t\u00e9 CEICA Si\u00e8ge socialSARL CEICASiret 44373401700017 ZI GENEVE OCEAN71520 DOMPIERRE LES ORMEST\u00e9l. +33(0)3 85 50 94 36 Directeur de publicationFrank Charnay, G\u00e9rantResponsable du siteJulien charnay R\u00e9alisation techniquedigiclic106 rue pasteur69007 Lyon H\u00e9bergementCe site est h\u00e9berg\u00e9 par soci\u00e9t\u00e9 OVH SAS au capital de 10 174 560 \u20acRCS Lille<span class=\"read-more-wrap\"><a class=\"moretag\" href=\"https:\/\/concept-345.fr\/index.php\/mentions-legales\/\">Lire la suite<span class=\"screen-reader-text\">Mentions l\u00e9gales<\/span><\/a><\/span><\/p>\n","protected":false},"author":1,"featured_media":0,"parent":0,"menu_order":0,"comment_status":"closed","ping_status":"closed","template":"template-fullwidth.php","meta":{"_mi_skip_tracking":false},"simple-restrict-permission":[],"yoast_head":"<!-- This site is optimized with the Yoast SEO plugin v19.14 - https:\/\/yoast.com\/wordpress\/plugins\/seo\/ -->\n<title>Mentions l\u00e9gales - CONCEPT345<\/title>\n<meta name=\"robots\" content=\"index, follow, max-snippet:-1, max-image-preview:large, max-video-preview:-1\" \/>\n<link rel=\"canonical\" href=\"https:\/\/concept-345.fr\/index.php\/mentions-legales\/\" \/>\n<meta property=\"og:locale\" content=\"fr_FR\" \/>\n<meta property=\"og:type\" content=\"article\" \/>\n<meta property=\"og:title\" content=\"Mentions l\u00e9gales - CONCEPT345\" \/>\n<meta property=\"og:description\" content=\"Mentions l\u00e9gales du site internetCONCEPT-345.frEditeur du site de la soci\u00e9t\u00e9 CEICA Si\u00e8ge socialSARL CEICASiret 44373401700017 ZI GENEVE OCEAN71520 DOMPIERRE LES ORMEST\u00e9l. +33(0)3 85 50 94 36 Directeur de publicationFrank Charnay, G\u00e9rantResponsable du siteJulien charnay R\u00e9alisation techniquedigiclic106 rue pasteur69007 Lyon H\u00e9bergementCe site est h\u00e9berg\u00e9 par soci\u00e9t\u00e9 OVH SAS au capital de 10 174 560 \u20acRCS LilleLire la suiteMentions l\u00e9gales\" \/>\n<meta property=\"og:url\" content=\"https:\/\/concept-345.fr\/index.php\/mentions-legales\/\" \/>\n<meta property=\"og:site_name\" content=\"CONCEPT345\" \/>\n<meta property=\"article:modified_time\" content=\"2023-02-07T15:33:53+00:00\" \/>\n<meta name=\"twitter:card\" content=\"summary_large_image\" \/>\n<meta name=\"twitter:label1\" content=\"Dur\u00e9e de lecture estim\u00e9e\" \/>\n\t<meta name=\"twitter:data1\" content=\"2 minutes\" \/>\n<script type=\"application\/ld+json\" class=\"yoast-schema-graph\">{\"@context\":\"https:\/\/schema.org\",\"@graph\":[{\"@type\":\"WebPage\",\"@id\":\"https:\/\/concept-345.fr\/index.php\/mentions-legales\/\",\"url\":\"https:\/\/concept-345.fr\/index.php\/mentions-legales\/\",\"name\":\"Mentions l\u00e9gales - CONCEPT345\",\"isPartOf\":{\"@id\":\"https:\/\/concept-345.fr\/#website\"},\"datePublished\":\"2023-01-18T11:07:38+00:00\",\"dateModified\":\"2023-02-07T15:33:53+00:00\",\"breadcrumb\":{\"@id\":\"https:\/\/concept-345.fr\/index.php\/mentions-legales\/#breadcrumb\"},\"inLanguage\":\"fr-FR\",\"potentialAction\":[{\"@type\":\"ReadAction\",\"target\":[\"https:\/\/concept-345.fr\/index.php\/mentions-legales\/\"]}]},{\"@type\":\"BreadcrumbList\",\"@id\":\"https:\/\/concept-345.fr\/index.php\/mentions-legales\/#breadcrumb\",\"itemListElement\":[{\"@type\":\"ListItem\",\"position\":1,\"name\":\"Accueil\",\"item\":\"https:\/\/concept-345.fr\/\"},{\"@type\":\"ListItem\",\"position\":2,\"name\":\"Mentions l\u00e9gales\"}]},{\"@type\":\"WebSite\",\"@id\":\"https:\/\/concept-345.fr\/#website\",\"url\":\"https:\/\/concept-345.fr\/\",\"name\":\"CONCEPT345\",\"description\":\"FABRICANT FRAN\u00c7AIS DE CENTRE D&#039;USINAGE DE CHARPENTE BOIS\",\"potentialAction\":[{\"@type\":\"SearchAction\",\"target\":{\"@type\":\"EntryPoint\",\"urlTemplate\":\"https:\/\/concept-345.fr\/?s={search_term_string}\"},\"query-input\":\"required name=search_term_string\"}],\"inLanguage\":\"fr-FR\"}]}<\/script>\n<!-- \/ Yoast SEO plugin. -->","yoast_head_json":{"title":"Mentions l\u00e9gales - CONCEPT345","robots":{"index":"index","follow":"follow","max-snippet":"max-snippet:-1","max-image-preview":"max-image-preview:large","max-video-preview":"max-video-preview:-1"},"canonical":"https:\/\/concept-345.fr\/index.php\/mentions-legales\/","og_locale":"fr_FR","og_type":"article","og_title":"Mentions l\u00e9gales - CONCEPT345","og_description":"Mentions l\u00e9gales du site internetCONCEPT-345.frEditeur du site de la soci\u00e9t\u00e9 CEICA Si\u00e8ge socialSARL CEICASiret 44373401700017 ZI GENEVE OCEAN71520 DOMPIERRE LES ORMEST\u00e9l. +33(0)3 85 50 94 36 Directeur de publicationFrank Charnay, G\u00e9rantResponsable du siteJulien charnay R\u00e9alisation techniquedigiclic106 rue pasteur69007 Lyon H\u00e9bergementCe site est h\u00e9berg\u00e9 par soci\u00e9t\u00e9 OVH SAS au capital de 10 174 560 \u20acRCS LilleLire la suiteMentions l\u00e9gales","og_url":"https:\/\/concept-345.fr\/index.php\/mentions-legales\/","og_site_name":"CONCEPT345","article_modified_time":"2023-02-07T15:33:53+00:00","twitter_card":"summary_large_image","twitter_misc":{"Dur\u00e9e de lecture estim\u00e9e":"2 minutes"},"schema":{"@context":"https:\/\/schema.org","@graph":[{"@type":"WebPage","@id":"https:\/\/concept-345.fr\/index.php\/mentions-legales\/","url":"https:\/\/concept-345.fr\/index.php\/mentions-legales\/","name":"Mentions l\u00e9gales - CONCEPT345","isPartOf":{"@id":"https:\/\/concept-345.fr\/#website"},"datePublished":"2023-01-18T11:07:38+00:00","dateModified":"2023-02-07T15:33:53+00:00","breadcrumb":{"@id":"https:\/\/concept-345.fr\/index.php\/mentions-legales\/#breadcrumb"},"inLanguage":"fr-FR","potentialAction":[{"@type":"ReadAction","target":["https:\/\/concept-345.fr\/index.php\/mentions-legales\/"]}]},{"@type":"BreadcrumbList","@id":"https:\/\/concept-345.fr\/index.php\/mentions-legales\/#breadcrumb","itemListElement":[{"@type":"ListItem","position":1,"name":"Accueil","item":"https:\/\/concept-345.fr\/"},{"@type":"ListItem","position":2,"name":"Mentions l\u00e9gales"}]},{"@type":"WebSite","@id":"https:\/\/concept-345.fr\/#website","url":"https:\/\/concept-345.fr\/","name":"CONCEPT345","description":"FABRICANT FRAN\u00c7AIS DE CENTRE D&#039;USINAGE DE CHARPENTE BOIS","potentialAction":[{"@type":"SearchAction","target":{"@type":"EntryPoint","urlTemplate":"https:\/\/concept-345.fr\/?s={search_term_string}"},"query-input":"required name=search_term_string"}],"inLanguage":"fr-FR"}]}},"_links":{"self":[{"href":"https:\/\/concept-345.fr\/index.php\/wp-json\/wp\/v2\/pages\/1155"}],"collection":[{"href":"https:\/\/concept-345.fr\/index.php\/wp-json\/wp\/v2\/pages"}],"about":[{"href":"https:\/\/concept-345.fr\/index.php\/wp-json\/wp\/v2\/types\/page"}],"author":[{"embeddable":true,"href":"https:\/\/concept-345.fr\/index.php\/wp-json\/wp\/v2\/users\/1"}],"replies":[{"embeddable":true,"href":"https:\/\/concept-345.fr\/index.php\/wp-json\/wp\/v2\/comments?post=1155"}],"version-history":[{"count":20,"href":"https:\/\/concept-345.fr\/index.php\/wp-json\/wp\/v2\/pages\/1155\/revisions"}],"predecessor-version":[{"id":1187,"href":"https:\/\/concept-345.fr\/index.php\/wp-json\/wp\/v2\/pages\/1155\/revisions\/1187"}],"wp:attachment":[{"href":"https:\/\/concept-345.fr\/index.php\/wp-json\/wp\/v2\/media?parent=1155"}],"wp:term":[{"taxonomy":"simple-restrict-permission","embeddable":true,"href":"https:\/\/concept-345.fr\/index.php\/wp-json\/wp\/v2\/simple-restrict-permission?post=1155"}],"curies":[{"name":"wp","href":"https:\/\/api.w.org\/{rel}","templated":true}]}}