{"id":23,"date":"2017-09-06T17:15:22","date_gmt":"2017-09-06T15:15:22","guid":{"rendered":"http:\/\/concept-345.fr\/?page_id=23"},"modified":"2020-09-14T14:59:02","modified_gmt":"2020-09-14T12:59:02","slug":"flexitaille","status":"publish","type":"page","link":"https:\/\/concept-345.fr\/index.php\/flexitaille\/","title":{"rendered":"FLEXI\u2019TAILLE"},"content":{"rendered":"<p align=\"CENTER\"><span style=\"color: #ffffff;\"><b>Le centre d\u2019usinage 5 axes alliantflexibilit\u00e9 et polyvalence<\/b><\/span><\/p>\n<p><img decoding=\"async\" loading=\"lazy\" class=\"wp-image-911 aligncenter\" src=\"https:\/\/concept-345.fr\/wp-content\/uploads\/2020\/03\/Image-FLEXITAILLE-V1--e1600088269511-300x111.png\" alt=\"\" width=\"511\" height=\"189\" srcset=\"https:\/\/concept-345.fr\/wp-content\/uploads\/2020\/03\/Image-FLEXITAILLE-V1--e1600088269511-300x111.png 300w, https:\/\/concept-345.fr\/wp-content\/uploads\/2020\/03\/Image-FLEXITAILLE-V1--e1600088269511-768x283.png 768w, https:\/\/concept-345.fr\/wp-content\/uploads\/2020\/03\/Image-FLEXITAILLE-V1--e1600088269511.png 852w\" sizes=\"(max-width: 511px) 100vw, 511px\" \/><\/p>\n<p align=\"CENTER\"><img decoding=\"async\" loading=\"lazy\" class=\"alignnone size-medium wp-image-34\" src=\"https:\/\/concept-345.fr\/wp-content\/uploads\/2017\/09\/flexitaille-300x22.png\" alt=\"\" width=\"300\" height=\"22\" srcset=\"https:\/\/concept-345.fr\/wp-content\/uploads\/2017\/09\/flexitaille-300x22.png 300w, https:\/\/concept-345.fr\/wp-content\/uploads\/2017\/09\/flexitaille-230x17.png 230w, https:\/\/concept-345.fr\/wp-content\/uploads\/2017\/09\/flexitaille-350x26.png 350w, https:\/\/concept-345.fr\/wp-content\/uploads\/2017\/09\/flexitaille-480x36.png 480w, https:\/\/concept-345.fr\/wp-content\/uploads\/2017\/09\/flexitaille.png 500w\" sizes=\"(max-width: 300px) 100vw, 300px\" \/><\/p>\n<p><strong><span style=\"color: #ffffff;\">Une machine polyvalente, simple d\u2019utilisation et compacte offrant une grande flexibilit\u00e9.<\/span><\/strong><\/p>\n<p><strong><span style=\"color: #ffffff;\">Cette machine comporte un syst\u00e8me brevet\u00e9 5 axes qui lui permet d\u2019avoir une grande polyvalence d\u2019usinage afin d\u2019effectuer tous les usinages n\u00e9cessaires \u00e0 la construction bois.<\/span><\/strong><\/p>\n<p><strong><span style=\"color: #ffffff;\">Contrairement \u00e0 la MINI\u2019TAILLE, cette machine comprend un agr\u00e9gat scie qui permet de lui introduire, par exemple, des barres de 13 m\u00e8tres afin d\u2019optimiser la longueur des bois.<\/span><\/strong><\/p>\n<p><strong><span style=\"color: #ffffff;\">Charpente traditionnelle &#8211; maison poteau-poutres &#8211; maison ossature bois &#8211; am\u00e9nagement int\u00e9rieur\/ext\u00e9rieur<\/span><\/strong><\/p>\n<p><span style=\"font-size: medium;\"><strong><span style=\"color: #ffffff;\">EQUIPEMENT<\/span><\/strong><\/span><\/p>\n<p align=\"CENTER\"><span style=\"font-size: medium;\"><strong><span style=\"color: #ffffff;\"><u>Agr\u00e9gat broche 5 axes<\/u><\/span><\/strong><\/span><\/p>\n<p><strong><span style=\"color: #ffffff;\">Son syst\u00e8me brevet\u00e9 5 axes permet \u00e0 la broche \u00e0 changement d\u2019outils automatique, la r\u00e9alisation d\u2019une multitude d\u2019usinage avec un seul agr\u00e9gat, sur toutes les faces du bois.<\/span><\/strong><\/p>\n<p align=\"CENTER\"><span style=\"font-size: medium;\"><strong><span style=\"color: #ffffff;\"><u>Agr\u00e9gat scie<\/u><\/span><\/strong><\/span><\/p>\n<p><strong><span style=\"color: #ffffff;\">Scie sous table pour une coupe de pr\u00e9cision avec orientation de 0\u00b0 \u00e0 360\u00b0 et une inclinaison de 30\u00b0 \u00e0 150\u00b0<\/span><\/strong><\/p>\n<p align=\"CENTER\"><span style=\"font-size: medium;\"><strong><span style=\"color: #ffffff;\"><u>Magasin d\u2019outils automatique<\/u><\/span><\/strong><\/span><\/p>\n<p><strong><span style=\"color: #ffffff;\">Associ\u00e9 \u00e0 son magasin d\u2019outils, la broche change automatiquement d\u2019outil selon l\u2019usinage \u00e0 r\u00e9aliser.<\/span><\/strong><\/p>\n<p align=\"CENTER\"><strong><span style=\"color: #ffffff;\"><i>\u00ab\u00a0Le magasin d\u2019outil offre la possibilit\u00e9 de s\u2019adapter\u00a0<\/i><i>aux diff\u00e9rents besoins selon la production de chacun\u00a0\u00bb<\/i><\/span><\/strong><\/p>\n<p align=\"CENTER\"><span style=\"font-size: medium;\"><strong><span style=\"color: #ffffff;\"><u>D\u00e9placement des bois<\/u><\/span><\/strong><\/span><\/p>\n<p><strong><span style=\"color: #ffffff;\">Les deux pinces permettent un d\u00e9placement plus rapide et un maintien pr\u00e9cis des bois.<\/span><\/strong><\/p>\n<p><strong><span style=\"color: #ffffff;\">Les 4 presseurs, inclus dans les deux pinces, permettent de mettre pr\u00e9cis\u00e9ment en r\u00e9f\u00e9rence les bois avant usinages<\/span><\/strong><\/p>\n<p align=\"CENTER\">\n","protected":false},"excerpt":{"rendered":"<p>Le centre d\u2019usinage 5 axes alliantflexibilit\u00e9 et polyvalence Une machine polyvalente, simple d\u2019utilisation et compacte offrant une grande flexibilit\u00e9. Cette machine comporte un syst\u00e8me brevet\u00e9 5 axes qui lui permet d\u2019avoir une grande polyvalence d\u2019usinage afin d\u2019effectuer tous les usinages n\u00e9cessaires \u00e0 la construction bois. Contrairement \u00e0 la MINI\u2019TAILLE, cette machine comprend un agr\u00e9gat scie<span class=\"read-more-wrap\"><a class=\"moretag\" href=\"https:\/\/concept-345.fr\/index.php\/flexitaille\/\">Lire la suite<span class=\"screen-reader-text\">FLEXI\u2019TAILLE<\/span><\/a><\/span><\/p>\n","protected":false},"author":1,"featured_media":34,"parent":0,"menu_order":0,"comment_status":"closed","ping_status":"closed","template":"","meta":{"_mi_skip_tracking":false},"simple-restrict-permission":[],"yoast_head":"<!-- This site is optimized with the Yoast SEO plugin v19.14 - https:\/\/yoast.com\/wordpress\/plugins\/seo\/ -->\n<title>FLEXI\u2019TAILLE - CONCEPT345<\/title>\n<meta name=\"robots\" content=\"index, follow, max-snippet:-1, max-image-preview:large, max-video-preview:-1\" \/>\n<link rel=\"canonical\" href=\"https:\/\/concept-345.fr\/index.php\/flexitaille\/\" \/>\n<meta property=\"og:locale\" content=\"fr_FR\" \/>\n<meta property=\"og:type\" content=\"article\" \/>\n<meta property=\"og:title\" content=\"FLEXI\u2019TAILLE - CONCEPT345\" \/>\n<meta property=\"og:description\" content=\"Le centre d\u2019usinage 5 axes alliantflexibilit\u00e9 et polyvalence Une machine polyvalente, simple d\u2019utilisation et compacte offrant une grande flexibilit\u00e9. Cette machine comporte un syst\u00e8me brevet\u00e9 5 axes qui lui permet d\u2019avoir une grande polyvalence d\u2019usinage afin d\u2019effectuer tous les usinages n\u00e9cessaires \u00e0 la construction bois. Contrairement \u00e0 la MINI\u2019TAILLE, cette machine comprend un agr\u00e9gat scieLire la suiteFLEXI\u2019TAILLE\" \/>\n<meta property=\"og:url\" content=\"https:\/\/concept-345.fr\/index.php\/flexitaille\/\" \/>\n<meta property=\"og:site_name\" content=\"CONCEPT345\" \/>\n<meta property=\"article:modified_time\" content=\"2020-09-14T12:59:02+00:00\" \/>\n<meta property=\"og:image\" content=\"https:\/\/concept-345.fr\/wp-content\/uploads\/2017\/09\/flexitaille.png\" \/>\n\t<meta property=\"og:image:width\" content=\"500\" \/>\n\t<meta property=\"og:image:height\" content=\"37\" \/>\n\t<meta property=\"og:image:type\" content=\"image\/png\" \/>\n<meta name=\"twitter:card\" content=\"summary_large_image\" \/>\n<meta name=\"twitter:label1\" content=\"Dur\u00e9e de lecture estim\u00e9e\" \/>\n\t<meta name=\"twitter:data1\" content=\"1 minute\" \/>\n<script type=\"application\/ld+json\" class=\"yoast-schema-graph\">{\"@context\":\"https:\/\/schema.org\",\"@graph\":[{\"@type\":\"WebPage\",\"@id\":\"https:\/\/concept-345.fr\/index.php\/flexitaille\/\",\"url\":\"https:\/\/concept-345.fr\/index.php\/flexitaille\/\",\"name\":\"FLEXI\u2019TAILLE - CONCEPT345\",\"isPartOf\":{\"@id\":\"https:\/\/concept-345.fr\/#website\"},\"datePublished\":\"2017-09-06T15:15:22+00:00\",\"dateModified\":\"2020-09-14T12:59:02+00:00\",\"breadcrumb\":{\"@id\":\"https:\/\/concept-345.fr\/index.php\/flexitaille\/#breadcrumb\"},\"inLanguage\":\"fr-FR\",\"potentialAction\":[{\"@type\":\"ReadAction\",\"target\":[\"https:\/\/concept-345.fr\/index.php\/flexitaille\/\"]}]},{\"@type\":\"BreadcrumbList\",\"@id\":\"https:\/\/concept-345.fr\/index.php\/flexitaille\/#breadcrumb\",\"itemListElement\":[{\"@type\":\"ListItem\",\"position\":1,\"name\":\"Accueil\",\"item\":\"https:\/\/concept-345.fr\/\"},{\"@type\":\"ListItem\",\"position\":2,\"name\":\"FLEXI\u2019TAILLE\"}]},{\"@type\":\"WebSite\",\"@id\":\"https:\/\/concept-345.fr\/#website\",\"url\":\"https:\/\/concept-345.fr\/\",\"name\":\"CONCEPT345\",\"description\":\"FABRICANT FRAN\u00c7AIS DE CENTRE D&#039;USINAGE DE CHARPENTE BOIS\",\"potentialAction\":[{\"@type\":\"SearchAction\",\"target\":{\"@type\":\"EntryPoint\",\"urlTemplate\":\"https:\/\/concept-345.fr\/?s={search_term_string}\"},\"query-input\":\"required name=search_term_string\"}],\"inLanguage\":\"fr-FR\"}]}<\/script>\n<!-- \/ Yoast SEO plugin. -->","yoast_head_json":{"title":"FLEXI\u2019TAILLE - CONCEPT345","robots":{"index":"index","follow":"follow","max-snippet":"max-snippet:-1","max-image-preview":"max-image-preview:large","max-video-preview":"max-video-preview:-1"},"canonical":"https:\/\/concept-345.fr\/index.php\/flexitaille\/","og_locale":"fr_FR","og_type":"article","og_title":"FLEXI\u2019TAILLE - CONCEPT345","og_description":"Le centre d\u2019usinage 5 axes alliantflexibilit\u00e9 et polyvalence Une machine polyvalente, simple d\u2019utilisation et compacte offrant une grande flexibilit\u00e9. Cette machine comporte un syst\u00e8me brevet\u00e9 5 axes qui lui permet d\u2019avoir une grande polyvalence d\u2019usinage afin d\u2019effectuer tous les usinages n\u00e9cessaires \u00e0 la construction bois. Contrairement \u00e0 la MINI\u2019TAILLE, cette machine comprend un agr\u00e9gat scieLire la suiteFLEXI\u2019TAILLE","og_url":"https:\/\/concept-345.fr\/index.php\/flexitaille\/","og_site_name":"CONCEPT345","article_modified_time":"2020-09-14T12:59:02+00:00","og_image":[{"width":500,"height":37,"url":"https:\/\/concept-345.fr\/wp-content\/uploads\/2017\/09\/flexitaille.png","type":"image\/png"}],"twitter_card":"summary_large_image","twitter_misc":{"Dur\u00e9e de lecture estim\u00e9e":"1 minute"},"schema":{"@context":"https:\/\/schema.org","@graph":[{"@type":"WebPage","@id":"https:\/\/concept-345.fr\/index.php\/flexitaille\/","url":"https:\/\/concept-345.fr\/index.php\/flexitaille\/","name":"FLEXI\u2019TAILLE - CONCEPT345","isPartOf":{"@id":"https:\/\/concept-345.fr\/#website"},"datePublished":"2017-09-06T15:15:22+00:00","dateModified":"2020-09-14T12:59:02+00:00","breadcrumb":{"@id":"https:\/\/concept-345.fr\/index.php\/flexitaille\/#breadcrumb"},"inLanguage":"fr-FR","potentialAction":[{"@type":"ReadAction","target":["https:\/\/concept-345.fr\/index.php\/flexitaille\/"]}]},{"@type":"BreadcrumbList","@id":"https:\/\/concept-345.fr\/index.php\/flexitaille\/#breadcrumb","itemListElement":[{"@type":"ListItem","position":1,"name":"Accueil","item":"https:\/\/concept-345.fr\/"},{"@type":"ListItem","position":2,"name":"FLEXI\u2019TAILLE"}]},{"@type":"WebSite","@id":"https:\/\/concept-345.fr\/#website","url":"https:\/\/concept-345.fr\/","name":"CONCEPT345","description":"FABRICANT FRAN\u00c7AIS DE CENTRE D&#039;USINAGE DE CHARPENTE BOIS","potentialAction":[{"@type":"SearchAction","target":{"@type":"EntryPoint","urlTemplate":"https:\/\/concept-345.fr\/?s={search_term_string}"},"query-input":"required name=search_term_string"}],"inLanguage":"fr-FR"}]}},"_links":{"self":[{"href":"https:\/\/concept-345.fr\/index.php\/wp-json\/wp\/v2\/pages\/23"}],"collection":[{"href":"https:\/\/concept-345.fr\/index.php\/wp-json\/wp\/v2\/pages"}],"about":[{"href":"https:\/\/concept-345.fr\/index.php\/wp-json\/wp\/v2\/types\/page"}],"author":[{"embeddable":true,"href":"https:\/\/concept-345.fr\/index.php\/wp-json\/wp\/v2\/users\/1"}],"replies":[{"embeddable":true,"href":"https:\/\/concept-345.fr\/index.php\/wp-json\/wp\/v2\/comments?post=23"}],"version-history":[{"count":17,"href":"https:\/\/concept-345.fr\/index.php\/wp-json\/wp\/v2\/pages\/23\/revisions"}],"predecessor-version":[{"id":1102,"href":"https:\/\/concept-345.fr\/index.php\/wp-json\/wp\/v2\/pages\/23\/revisions\/1102"}],"wp:featuredmedia":[{"embeddable":true,"href":"https:\/\/concept-345.fr\/index.php\/wp-json\/wp\/v2\/media\/34"}],"wp:attachment":[{"href":"https:\/\/concept-345.fr\/index.php\/wp-json\/wp\/v2\/media?parent=23"}],"wp:term":[{"taxonomy":"simple-restrict-permission","embeddable":true,"href":"https:\/\/concept-345.fr\/index.php\/wp-json\/wp\/v2\/simple-restrict-permission?post=23"}],"curies":[{"name":"wp","href":"https:\/\/api.w.org\/{rel}","templated":true}]}}