{"id":483,"date":"2017-09-08T11:31:36","date_gmt":"2017-09-08T09:31:36","guid":{"rendered":"http:\/\/concept-345.fr\/?page_id=483"},"modified":"2017-09-14T15:30:42","modified_gmt":"2017-09-14T13:30:42","slug":"contact","status":"publish","type":"page","link":"https:\/\/concept-345.fr\/index.php\/contact\/","title":{"rendered":"Contact"},"content":{"rendered":"<div id=\"pl-483\"  class=\"panel-layout\" ><div id=\"pg-483-0\"  class=\"panel-grid panel-no-style\" ><div id=\"pgc-483-0-0\"  class=\"panel-grid-cell\" ><div id=\"panel-483-0-0-0\" class=\"so-panel widget widget_text panel-first-child panel-last-child\" data-index=\"0\" >\t\t\t<div class=\"textwidget\"><p><strong>CONCEPT345<\/strong><\/p>\n<p>Service Commercial : Julien CHARNAY<\/p>\n<p>T\u00e9l\u00e9phone :\u00a0+33 (0) 6 31 82 11 50<\/p>\n<p>Zone Industrielle Gen\u00e8ve Oc\u00e9an,<\/p>\n<p>71520 Dompierre-les-Ormes<\/p>\n<\/div>\n\t\t<\/div><\/div><\/div><div id=\"pg-483-1\"  class=\"panel-grid panel-no-style\" ><div id=\"pgc-483-1-0\"  class=\"panel-grid-cell\" ><div id=\"panel-483-1-0-0\" class=\"so-panel widget widget_text panel-first-child panel-last-child\" data-index=\"1\" >\t\t\t<div class=\"textwidget\"><div class=\"wpcf7 no-js\" id=\"wpcf7-f500-o1\" lang=\"fr-FR\" dir=\"ltr\">\n<div class=\"screen-reader-response\"><p role=\"status\" aria-live=\"polite\" aria-atomic=\"true\"><\/p> <ul><\/ul><\/div>\n<form action=\"\/index.php\/wp-json\/wp\/v2\/pages\/483#wpcf7-f500-o1\" method=\"post\" class=\"wpcf7-form init\" aria-label=\"Formulaire de contact\" novalidate=\"novalidate\" data-status=\"init\">\n<div style=\"display: none;\">\n<input type=\"hidden\" name=\"_wpcf7\" value=\"500\" \/>\n<input type=\"hidden\" name=\"_wpcf7_version\" value=\"5.7.2\" \/>\n<input type=\"hidden\" name=\"_wpcf7_locale\" value=\"fr_FR\" \/>\n<input type=\"hidden\" name=\"_wpcf7_unit_tag\" value=\"wpcf7-f500-o1\" \/>\n<input type=\"hidden\" name=\"_wpcf7_container_post\" value=\"0\" \/>\n<input type=\"hidden\" name=\"_wpcf7_posted_data_hash\" value=\"\" \/>\n<input type=\"hidden\" name=\"_wpcf7_recaptcha_response\" value=\"\" \/>\n<\/div>\n<p><label> Votre nom (Obligatoire)<br \/>\n<span class=\"wpcf7-form-control-wrap\" data-name=\"your-name\"><input size=\"40\" class=\"wpcf7-form-control wpcf7-text wpcf7-validates-as-required\" aria-required=\"true\" aria-invalid=\"false\" value=\"\" type=\"text\" name=\"your-name\" \/><\/span> <\/label>\n<\/p>\n<p><label> Votre email (Obligatoire)<br \/>\n<span class=\"wpcf7-form-control-wrap\" data-name=\"your-email\"><input size=\"40\" class=\"wpcf7-form-control wpcf7-text wpcf7-email wpcf7-validates-as-required wpcf7-validates-as-email\" aria-required=\"true\" aria-invalid=\"false\" value=\"\" type=\"email\" name=\"your-email\" \/><\/span> <\/label>\n<\/p>\n<p><label> Votre Num\u00e9ro de t\u00e9l\u00e9phone (Obligatoire)<br \/>\n<span class=\"wpcf7-form-control-wrap\" data-name=\"tel-980\"><input size=\"40\" class=\"wpcf7-form-control wpcf7-text wpcf7-tel wpcf7-validates-as-required wpcf7-validates-as-tel\" aria-required=\"true\" aria-invalid=\"false\" value=\"\" type=\"tel\" name=\"tel-980\" \/><\/span> <\/label>]\n<\/p>\n<p><label> Sujet de votre demande<br \/>\n<span class=\"wpcf7-form-control-wrap\" data-name=\"your-subject\"><input size=\"40\" class=\"wpcf7-form-control wpcf7-text\" aria-invalid=\"false\" value=\"\" type=\"text\" name=\"your-subject\" \/><\/span> <\/label>\n<\/p>\n<p><label> Votre message<br \/>\n<span class=\"wpcf7-form-control-wrap\" data-name=\"your-message\"><textarea cols=\"40\" rows=\"10\" class=\"wpcf7-form-control wpcf7-textarea\" aria-invalid=\"false\" name=\"your-message\"><\/textarea><\/span> <\/label>\n<\/p>\n<p><input class=\"wpcf7-form-control has-spinner wpcf7-submit\" type=\"submit\" value=\"Envoyer\" \/>\n<\/p><p style=\"display: none !important;\"><label>&#916;<textarea name=\"_wpcf7_ak_hp_textarea\" cols=\"45\" rows=\"8\" maxlength=\"100\"><\/textarea><\/label><input type=\"hidden\" id=\"ak_js_1\" name=\"_wpcf7_ak_js\" value=\"196\"\/><script>document.getElementById( \"ak_js_1\" ).setAttribute( \"value\", ( new Date() ).getTime() );<\/script><\/p><div class=\"wpcf7-response-output\" aria-hidden=\"true\"><\/div><\/form><\/div>\n<\/div>\n\t\t<\/div><\/div><div id=\"pgc-483-1-1\"  class=\"panel-grid-cell\" ><div id=\"panel-483-1-1-0\" class=\"so-panel widget widget_text panel-first-child panel-last-child\" data-index=\"2\" >\t\t\t<div class=\"textwidget\"><p><iframe loading=\"lazy\" style=\"border: 0;\" src=\"https:\/\/www.google.com\/maps\/embed?pb=!1m14!1m8!1m3!1d7785.746387324166!2d4.502893080444908!3d46.37579542448825!3m2!1i1024!2i768!4f13.1!3m3!1m2!1s0x0%3A0x25d776e9adbfca90!2sZone+Industrielle+Trente+Sacs!5e0!3m2!1sfr!2sfr!4v1504862955622\" frameborder=\"0\" allowfullscreen=\"\"><\/iframe><\/p>\n<\/div>\n\t\t<\/div><\/div><\/div><\/div>","protected":false},"excerpt":{"rendered":"<p>CONCEPT345 Service Commercial : Julien CHARNAY T\u00e9l\u00e9phone :\u00a0+33 (0) 6 31 82 11 50 Zone Industrielle Gen\u00e8ve Oc\u00e9an, 71520 Dompierre-les-Ormes<\/p>\n","protected":false},"author":1,"featured_media":0,"parent":0,"menu_order":0,"comment_status":"closed","ping_status":"closed","template":"","meta":{"_mi_skip_tracking":false},"simple-restrict-permission":[],"yoast_head":"<!-- This site is optimized with the Yoast SEO plugin v19.14 - https:\/\/yoast.com\/wordpress\/plugins\/seo\/ -->\n<title>Contact - CONCEPT345<\/title>\n<meta name=\"robots\" content=\"index, follow, max-snippet:-1, max-image-preview:large, max-video-preview:-1\" \/>\n<link rel=\"canonical\" href=\"https:\/\/concept-345.fr\/index.php\/contact\/\" \/>\n<meta property=\"og:locale\" content=\"fr_FR\" \/>\n<meta property=\"og:type\" content=\"article\" \/>\n<meta property=\"og:title\" content=\"Contact - CONCEPT345\" \/>\n<meta property=\"og:description\" content=\"CONCEPT345 Service Commercial : Julien CHARNAY T\u00e9l\u00e9phone :\u00a0+33 (0) 6 31 82 11 50 Zone Industrielle Gen\u00e8ve Oc\u00e9an, 71520 Dompierre-les-Ormes\" \/>\n<meta property=\"og:url\" content=\"https:\/\/concept-345.fr\/index.php\/contact\/\" \/>\n<meta property=\"og:site_name\" content=\"CONCEPT345\" \/>\n<meta property=\"article:modified_time\" content=\"2017-09-14T13:30:42+00:00\" \/>\n<meta name=\"twitter:card\" content=\"summary_large_image\" \/>\n<script type=\"application\/ld+json\" class=\"yoast-schema-graph\">{\"@context\":\"https:\/\/schema.org\",\"@graph\":[{\"@type\":\"WebPage\",\"@id\":\"https:\/\/concept-345.fr\/index.php\/contact\/\",\"url\":\"https:\/\/concept-345.fr\/index.php\/contact\/\",\"name\":\"Contact - CONCEPT345\",\"isPartOf\":{\"@id\":\"https:\/\/concept-345.fr\/#website\"},\"datePublished\":\"2017-09-08T09:31:36+00:00\",\"dateModified\":\"2017-09-14T13:30:42+00:00\",\"breadcrumb\":{\"@id\":\"https:\/\/concept-345.fr\/index.php\/contact\/#breadcrumb\"},\"inLanguage\":\"fr-FR\",\"potentialAction\":[{\"@type\":\"ReadAction\",\"target\":[\"https:\/\/concept-345.fr\/index.php\/contact\/\"]}]},{\"@type\":\"BreadcrumbList\",\"@id\":\"https:\/\/concept-345.fr\/index.php\/contact\/#breadcrumb\",\"itemListElement\":[{\"@type\":\"ListItem\",\"position\":1,\"name\":\"Accueil\",\"item\":\"https:\/\/concept-345.fr\/\"},{\"@type\":\"ListItem\",\"position\":2,\"name\":\"Contact\"}]},{\"@type\":\"WebSite\",\"@id\":\"https:\/\/concept-345.fr\/#website\",\"url\":\"https:\/\/concept-345.fr\/\",\"name\":\"CONCEPT345\",\"description\":\"FABRICANT FRAN\u00c7AIS DE CENTRE D&#039;USINAGE DE CHARPENTE BOIS\",\"potentialAction\":[{\"@type\":\"SearchAction\",\"target\":{\"@type\":\"EntryPoint\",\"urlTemplate\":\"https:\/\/concept-345.fr\/?s={search_term_string}\"},\"query-input\":\"required name=search_term_string\"}],\"inLanguage\":\"fr-FR\"}]}<\/script>\n<!-- \/ Yoast SEO plugin. -->","yoast_head_json":{"title":"Contact - CONCEPT345","robots":{"index":"index","follow":"follow","max-snippet":"max-snippet:-1","max-image-preview":"max-image-preview:large","max-video-preview":"max-video-preview:-1"},"canonical":"https:\/\/concept-345.fr\/index.php\/contact\/","og_locale":"fr_FR","og_type":"article","og_title":"Contact - CONCEPT345","og_description":"CONCEPT345 Service Commercial : Julien CHARNAY T\u00e9l\u00e9phone :\u00a0+33 (0) 6 31 82 11 50 Zone Industrielle Gen\u00e8ve Oc\u00e9an, 71520 Dompierre-les-Ormes","og_url":"https:\/\/concept-345.fr\/index.php\/contact\/","og_site_name":"CONCEPT345","article_modified_time":"2017-09-14T13:30:42+00:00","twitter_card":"summary_large_image","schema":{"@context":"https:\/\/schema.org","@graph":[{"@type":"WebPage","@id":"https:\/\/concept-345.fr\/index.php\/contact\/","url":"https:\/\/concept-345.fr\/index.php\/contact\/","name":"Contact - CONCEPT345","isPartOf":{"@id":"https:\/\/concept-345.fr\/#website"},"datePublished":"2017-09-08T09:31:36+00:00","dateModified":"2017-09-14T13:30:42+00:00","breadcrumb":{"@id":"https:\/\/concept-345.fr\/index.php\/contact\/#breadcrumb"},"inLanguage":"fr-FR","potentialAction":[{"@type":"ReadAction","target":["https:\/\/concept-345.fr\/index.php\/contact\/"]}]},{"@type":"BreadcrumbList","@id":"https:\/\/concept-345.fr\/index.php\/contact\/#breadcrumb","itemListElement":[{"@type":"ListItem","position":1,"name":"Accueil","item":"https:\/\/concept-345.fr\/"},{"@type":"ListItem","position":2,"name":"Contact"}]},{"@type":"WebSite","@id":"https:\/\/concept-345.fr\/#website","url":"https:\/\/concept-345.fr\/","name":"CONCEPT345","description":"FABRICANT FRAN\u00c7AIS DE CENTRE D&#039;USINAGE DE CHARPENTE BOIS","potentialAction":[{"@type":"SearchAction","target":{"@type":"EntryPoint","urlTemplate":"https:\/\/concept-345.fr\/?s={search_term_string}"},"query-input":"required name=search_term_string"}],"inLanguage":"fr-FR"}]}},"_links":{"self":[{"href":"https:\/\/concept-345.fr\/index.php\/wp-json\/wp\/v2\/pages\/483"}],"collection":[{"href":"https:\/\/concept-345.fr\/index.php\/wp-json\/wp\/v2\/pages"}],"about":[{"href":"https:\/\/concept-345.fr\/index.php\/wp-json\/wp\/v2\/types\/page"}],"author":[{"embeddable":true,"href":"https:\/\/concept-345.fr\/index.php\/wp-json\/wp\/v2\/users\/1"}],"replies":[{"embeddable":true,"href":"https:\/\/concept-345.fr\/index.php\/wp-json\/wp\/v2\/comments?post=483"}],"version-history":[{"count":31,"href":"https:\/\/concept-345.fr\/index.php\/wp-json\/wp\/v2\/pages\/483\/revisions"}],"predecessor-version":[{"id":667,"href":"https:\/\/concept-345.fr\/index.php\/wp-json\/wp\/v2\/pages\/483\/revisions\/667"}],"wp:attachment":[{"href":"https:\/\/concept-345.fr\/index.php\/wp-json\/wp\/v2\/media?parent=483"}],"wp:term":[{"taxonomy":"simple-restrict-permission","embeddable":true,"href":"https:\/\/concept-345.fr\/index.php\/wp-json\/wp\/v2\/simple-restrict-permission?post=483"}],"curies":[{"name":"wp","href":"https:\/\/api.w.org\/{rel}","templated":true}]}}