{"id":823,"date":"2019-12-31T12:22:01","date_gmt":"2019-12-31T11:22:01","guid":{"rendered":"http:\/\/concept-345.fr\/?page_id=823"},"modified":"2020-03-04T11:35:38","modified_gmt":"2020-03-04T10:35:38","slug":"telechargement","status":"publish","type":"page","link":"https:\/\/concept-345.fr\/index.php\/telechargement\/","title":{"rendered":"T\u00e9l\u00e9chargement"},"content":{"rendered":"<div id=\"pl-gb823-69ff26e2b3efb\"  class=\"panel-layout\" ><div id=\"pg-gb823-69ff26e2b3efb-0\"  class=\"panel-grid panel-no-style\" ><div id=\"pgc-gb823-69ff26e2b3efb-0-0\"  class=\"panel-grid-cell\" ><div id=\"panel-gb823-69ff26e2b3efb-0-0-0\" class=\"so-panel widget widget_text panel-first-child panel-last-child\" data-index=\"0\" >\t\t\t<div class=\"textwidget\"><p><strong>Cliquez sur l&#8217;image pour T\u00e9l\u00e9charger<\/strong><\/p>\n<\/div>\n\t\t<\/div><\/div><\/div><\/div>\n\n\n<div class=\"is-layout-flex wp-container-5 wp-block-columns\">\n<div class=\"is-layout-flow wp-block-column\">\n<figure class=\"wp-block-image size-large\"><a href=\"https:\/\/concept-345.fr\/index.php\/telechargement-minitaille\/\"><img decoding=\"async\" loading=\"lazy\" width=\"300\" height=\"186\" src=\"https:\/\/concept-345.fr\/wp-content\/uploads\/2020\/03\/minitaille-logo-300x222-1-e1583318015133.png\" alt=\"\" class=\"wp-image-942\"\/><\/a><figcaption>Mini taille<\/figcaption><\/figure>\n<\/div>\n\n\n\n<div class=\"is-layout-flow wp-block-column\">\n<figure class=\"wp-block-image size-large\"><a href=\"https:\/\/concept-345.fr\/index.php\/flexitaille-2\/\"><img decoding=\"async\" src=\"https:\/\/concept-345.fr\/wp-content\/uploads\/2020\/03\/Image-FLEXITAILLE-V1-.png\" alt=\"\" class=\"wp-image-911\"\/><\/a><figcaption> Flexi&#8217;taille <\/figcaption><\/figure>\n<\/div>\n\n\n\n<div class=\"is-layout-flow wp-block-column\">\n<figure class=\"wp-block-image size-large\"><a href=\"https:\/\/concept-345.fr\/index.php\/maxitaille-2\/\"><img decoding=\"async\" loading=\"lazy\" width=\"767\" height=\"521\" src=\"https:\/\/concept-345.fr\/wp-content\/uploads\/2020\/03\/Image-MAXITAILLE-e1583314367918.jpg\" alt=\"\" class=\"wp-image-913\" srcset=\"https:\/\/concept-345.fr\/wp-content\/uploads\/2020\/03\/Image-MAXITAILLE-e1583314367918.jpg 767w, https:\/\/concept-345.fr\/wp-content\/uploads\/2020\/03\/Image-MAXITAILLE-e1583314367918-300x204.jpg 300w\" sizes=\"(max-width: 767px) 100vw, 767px\" \/><\/a><figcaption> Maxi&#8217;taille <\/figcaption><\/figure>\n<\/div>\n\n\n\n<div class=\"is-layout-flow wp-block-column\">\n<figure class=\"wp-block-image size-large\"><a href=\"https:\/\/concept-345.fr\/index.php\/butee-numerique\/\"><img decoding=\"async\" loading=\"lazy\" width=\"1024\" height=\"683\" src=\"https:\/\/concept-345.fr\/wp-content\/uploads\/2020\/03\/PILOTAGE-POUR-BUTEE-NUMERIQUE-1024x683.png\" alt=\"\" class=\"wp-image-908\" srcset=\"https:\/\/concept-345.fr\/wp-content\/uploads\/2020\/03\/PILOTAGE-POUR-BUTEE-NUMERIQUE-1024x683.png 1024w, https:\/\/concept-345.fr\/wp-content\/uploads\/2020\/03\/PILOTAGE-POUR-BUTEE-NUMERIQUE-300x200.png 300w, https:\/\/concept-345.fr\/wp-content\/uploads\/2020\/03\/PILOTAGE-POUR-BUTEE-NUMERIQUE-768x512.png 768w, https:\/\/concept-345.fr\/wp-content\/uploads\/2020\/03\/PILOTAGE-POUR-BUTEE-NUMERIQUE-272x182.png 272w, https:\/\/concept-345.fr\/wp-content\/uploads\/2020\/03\/PILOTAGE-POUR-BUTEE-NUMERIQUE.png 1335w\" sizes=\"(max-width: 1024px) 100vw, 1024px\" \/><\/a><figcaption> But\u00e9e num\u00e9rique <\/figcaption><\/figure>\n<\/div>\n<\/div>\n\n\n\n<p><\/p>\n","protected":false},"excerpt":{"rendered":"<p>Cliquez sur l&#8217;image pour T\u00e9l\u00e9charger<\/p>\n","protected":false},"author":1,"featured_media":0,"parent":0,"menu_order":0,"comment_status":"closed","ping_status":"closed","template":"","meta":{"_mi_skip_tracking":false},"simple-restrict-permission":[],"yoast_head":"<!-- This site is optimized with the Yoast SEO plugin v19.14 - https:\/\/yoast.com\/wordpress\/plugins\/seo\/ -->\n<title>T\u00e9l\u00e9chargement - CONCEPT345<\/title>\n<meta name=\"robots\" content=\"index, follow, max-snippet:-1, max-image-preview:large, max-video-preview:-1\" \/>\n<link rel=\"canonical\" href=\"https:\/\/concept-345.fr\/index.php\/telechargement\/\" \/>\n<meta property=\"og:locale\" content=\"fr_FR\" \/>\n<meta property=\"og:type\" content=\"article\" \/>\n<meta property=\"og:title\" content=\"T\u00e9l\u00e9chargement - CONCEPT345\" \/>\n<meta property=\"og:description\" content=\"Cliquez sur l&#039;image pour T\u00e9l\u00e9charger\" \/>\n<meta property=\"og:url\" content=\"https:\/\/concept-345.fr\/index.php\/telechargement\/\" \/>\n<meta property=\"og:site_name\" content=\"CONCEPT345\" \/>\n<meta property=\"article:modified_time\" content=\"2020-03-04T10:35:38+00:00\" \/>\n<meta property=\"og:image\" content=\"http:\/\/concept-345.fr\/wp-content\/uploads\/2020\/03\/minitaille-logo-300x222-1-e1583318015133.png\" \/>\n<meta name=\"twitter:card\" content=\"summary_large_image\" \/>\n<script type=\"application\/ld+json\" class=\"yoast-schema-graph\">{\"@context\":\"https:\/\/schema.org\",\"@graph\":[{\"@type\":\"WebPage\",\"@id\":\"https:\/\/concept-345.fr\/index.php\/telechargement\/\",\"url\":\"https:\/\/concept-345.fr\/index.php\/telechargement\/\",\"name\":\"T\u00e9l\u00e9chargement - CONCEPT345\",\"isPartOf\":{\"@id\":\"https:\/\/concept-345.fr\/#website\"},\"datePublished\":\"2019-12-31T11:22:01+00:00\",\"dateModified\":\"2020-03-04T10:35:38+00:00\",\"breadcrumb\":{\"@id\":\"https:\/\/concept-345.fr\/index.php\/telechargement\/#breadcrumb\"},\"inLanguage\":\"fr-FR\",\"potentialAction\":[{\"@type\":\"ReadAction\",\"target\":[\"https:\/\/concept-345.fr\/index.php\/telechargement\/\"]}]},{\"@type\":\"BreadcrumbList\",\"@id\":\"https:\/\/concept-345.fr\/index.php\/telechargement\/#breadcrumb\",\"itemListElement\":[{\"@type\":\"ListItem\",\"position\":1,\"name\":\"Accueil\",\"item\":\"https:\/\/concept-345.fr\/\"},{\"@type\":\"ListItem\",\"position\":2,\"name\":\"T\u00e9l\u00e9chargement\"}]},{\"@type\":\"WebSite\",\"@id\":\"https:\/\/concept-345.fr\/#website\",\"url\":\"https:\/\/concept-345.fr\/\",\"name\":\"CONCEPT345\",\"description\":\"FABRICANT FRAN\u00c7AIS DE CENTRE D&#039;USINAGE DE CHARPENTE BOIS\",\"potentialAction\":[{\"@type\":\"SearchAction\",\"target\":{\"@type\":\"EntryPoint\",\"urlTemplate\":\"https:\/\/concept-345.fr\/?s={search_term_string}\"},\"query-input\":\"required name=search_term_string\"}],\"inLanguage\":\"fr-FR\"}]}<\/script>\n<!-- \/ Yoast SEO plugin. -->","yoast_head_json":{"title":"T\u00e9l\u00e9chargement - CONCEPT345","robots":{"index":"index","follow":"follow","max-snippet":"max-snippet:-1","max-image-preview":"max-image-preview:large","max-video-preview":"max-video-preview:-1"},"canonical":"https:\/\/concept-345.fr\/index.php\/telechargement\/","og_locale":"fr_FR","og_type":"article","og_title":"T\u00e9l\u00e9chargement - CONCEPT345","og_description":"Cliquez sur l'image pour T\u00e9l\u00e9charger","og_url":"https:\/\/concept-345.fr\/index.php\/telechargement\/","og_site_name":"CONCEPT345","article_modified_time":"2020-03-04T10:35:38+00:00","og_image":[{"url":"http:\/\/concept-345.fr\/wp-content\/uploads\/2020\/03\/minitaille-logo-300x222-1-e1583318015133.png"}],"twitter_card":"summary_large_image","schema":{"@context":"https:\/\/schema.org","@graph":[{"@type":"WebPage","@id":"https:\/\/concept-345.fr\/index.php\/telechargement\/","url":"https:\/\/concept-345.fr\/index.php\/telechargement\/","name":"T\u00e9l\u00e9chargement - CONCEPT345","isPartOf":{"@id":"https:\/\/concept-345.fr\/#website"},"datePublished":"2019-12-31T11:22:01+00:00","dateModified":"2020-03-04T10:35:38+00:00","breadcrumb":{"@id":"https:\/\/concept-345.fr\/index.php\/telechargement\/#breadcrumb"},"inLanguage":"fr-FR","potentialAction":[{"@type":"ReadAction","target":["https:\/\/concept-345.fr\/index.php\/telechargement\/"]}]},{"@type":"BreadcrumbList","@id":"https:\/\/concept-345.fr\/index.php\/telechargement\/#breadcrumb","itemListElement":[{"@type":"ListItem","position":1,"name":"Accueil","item":"https:\/\/concept-345.fr\/"},{"@type":"ListItem","position":2,"name":"T\u00e9l\u00e9chargement"}]},{"@type":"WebSite","@id":"https:\/\/concept-345.fr\/#website","url":"https:\/\/concept-345.fr\/","name":"CONCEPT345","description":"FABRICANT FRAN\u00c7AIS DE CENTRE D&#039;USINAGE DE CHARPENTE BOIS","potentialAction":[{"@type":"SearchAction","target":{"@type":"EntryPoint","urlTemplate":"https:\/\/concept-345.fr\/?s={search_term_string}"},"query-input":"required name=search_term_string"}],"inLanguage":"fr-FR"}]}},"_links":{"self":[{"href":"https:\/\/concept-345.fr\/index.php\/wp-json\/wp\/v2\/pages\/823"}],"collection":[{"href":"https:\/\/concept-345.fr\/index.php\/wp-json\/wp\/v2\/pages"}],"about":[{"href":"https:\/\/concept-345.fr\/index.php\/wp-json\/wp\/v2\/types\/page"}],"author":[{"embeddable":true,"href":"https:\/\/concept-345.fr\/index.php\/wp-json\/wp\/v2\/users\/1"}],"replies":[{"embeddable":true,"href":"https:\/\/concept-345.fr\/index.php\/wp-json\/wp\/v2\/comments?post=823"}],"version-history":[{"count":25,"href":"https:\/\/concept-345.fr\/index.php\/wp-json\/wp\/v2\/pages\/823\/revisions"}],"predecessor-version":[{"id":946,"href":"https:\/\/concept-345.fr\/index.php\/wp-json\/wp\/v2\/pages\/823\/revisions\/946"}],"wp:attachment":[{"href":"https:\/\/concept-345.fr\/index.php\/wp-json\/wp\/v2\/media?parent=823"}],"wp:term":[{"taxonomy":"simple-restrict-permission","embeddable":true,"href":"https:\/\/concept-345.fr\/index.php\/wp-json\/wp\/v2\/simple-restrict-permission?post=823"}],"curies":[{"name":"wp","href":"https:\/\/api.w.org\/{rel}","templated":true}]}}